{"id":25527,"date":"2026-04-15T22:34:37","date_gmt":"2026-04-15T22:34:37","guid":{"rendered":"https:\/\/sunwheelshop.com\/?post_type=product&#038;p=25527"},"modified":"2026-04-15T22:36:21","modified_gmt":"2026-04-15T22:36:21","slug":"la-legion-des-volontaires-francais-contre-le-bolchevisme-embroidered-bomber-jacket","status":"publish","type":"product","link":"https:\/\/sunwheelshop.com\/es\/producto\/la-legion-des-volontaires-francais-contre-le-bolchevisme-embroidered-bomber-jacket\/","title":{"rendered":"La L\u00e9gion des Volontaires Fran\u00e7ais contre le Bolch\u00e9visme Embroidered Bomber Jacket"},"content":{"rendered":"","protected":false},"excerpt":{"rendered":"","protected":false},"featured_media":25533,"template":"","meta":{"kt_blocks_editor_width":""},"product_brand":[],"product_cat":[89],"product_tag":[62],"class_list":{"0":"post-25527","1":"product","2":"type-product","3":"status-publish","4":"has-post-thumbnail","6":"product_cat-jackets","7":"product_tag-sunwheelshop","9":"first","10":"instock","11":"shipping-taxable","12":"purchasable","13":"product-type-variable"},"_links":{"self":[{"href":"https:\/\/sunwheelshop.com\/es\/wp-json\/wp\/v2\/product\/25527","targetHints":{"allow":["GET"]}}],"collection":[{"href":"https:\/\/sunwheelshop.com\/es\/wp-json\/wp\/v2\/product"}],"about":[{"href":"https:\/\/sunwheelshop.com\/es\/wp-json\/wp\/v2\/types\/product"}],"wp:featuredmedia":[{"embeddable":true,"href":"https:\/\/sunwheelshop.com\/es\/wp-json\/wp\/v2\/media\/25533"}],"wp:attachment":[{"href":"https:\/\/sunwheelshop.com\/es\/wp-json\/wp\/v2\/media?parent=25527"}],"wp:term":[{"taxonomy":"product_brand","embeddable":true,"href":"https:\/\/sunwheelshop.com\/es\/wp-json\/wp\/v2\/product_brand?post=25527"},{"taxonomy":"product_cat","embeddable":true,"href":"https:\/\/sunwheelshop.com\/es\/wp-json\/wp\/v2\/product_cat?post=25527"},{"taxonomy":"product_tag","embeddable":true,"href":"https:\/\/sunwheelshop.com\/es\/wp-json\/wp\/v2\/product_tag?post=25527"}],"curies":[{"name":"wp","href":"https:\/\/api.w.org\/{rel}","templated":true}]}}